{"id":1042,"date":"2023-12-06T07:33:09","date_gmt":"2023-12-06T12:33:09","guid":{"rendered":"https:\/\/pyroair.com\/nos-projets\/"},"modified":"2024-04-29T09:57:37","modified_gmt":"2024-04-29T13:57:37","slug":"our-projects","status":"publish","type":"page","link":"https:\/\/pyroair.com\/en\/our-projects\/","title":{"rendered":"Our projects"},"content":{"rendered":"","protected":false},"excerpt":{"rendered":"","protected":false},"author":1,"featured_media":0,"parent":0,"menu_order":13,"comment_status":"closed","ping_status":"closed","template":"","meta":{"_acf_changed":false,"footnotes":""},"class_list":["post-1042","page","type-page","status-publish","hentry"],"acf":[],"yoast_head":"<!-- This site is optimized with the Yoast SEO plugin v27.3 - https:\/\/yoast.com\/product\/yoast-seo-wordpress\/ -->\n<title>Our projects - Pyro-Air Lt\u00e9e<\/title>\n<meta name=\"description\" content=\"D\u00e9couvrez comment l&#039;excellence et l&#039;innovation est au centre de nos projets. Pyro-Air est l&#039;\u00e9quipe qu&#039;il vous faut pour de solides r\u00e9sultats.\" \/>\n<meta name=\"robots\" content=\"index, follow, max-snippet:-1, max-image-preview:large, max-video-preview:-1\" \/>\n<link rel=\"canonical\" href=\"https:\/\/pyroair.com\/en\/\" \/>\n<meta property=\"og:locale\" content=\"en_US\" \/>\n<meta property=\"og:type\" content=\"article\" \/>\n<meta property=\"og:title\" content=\"Our projects - Pyro-Air Lt\u00e9e\" \/>\n<meta property=\"og:description\" content=\"D\u00e9couvrez comment l&#039;excellence et l&#039;innovation est au centre de nos projets. Pyro-Air est l&#039;\u00e9quipe qu&#039;il vous faut pour de solides r\u00e9sultats.\" \/>\n<meta property=\"og:url\" content=\"https:\/\/pyroair.com\/en\/\" \/>\n<meta property=\"og:site_name\" content=\"Pyro-Air Lt\u00e9e\" \/>\n<meta property=\"article:modified_time\" content=\"2024-04-29T13:57:37+00:00\" \/>\n<meta name=\"twitter:card\" content=\"summary_large_image\" \/>\n<script type=\"application\/ld+json\" class=\"yoast-schema-graph\">{\"@context\":\"https:\\\/\\\/schema.org\",\"@graph\":[{\"@type\":\"WebPage\",\"@id\":\"https:\\\/\\\/pyroair.com\\\/en\\\/\",\"url\":\"https:\\\/\\\/pyroair.com\\\/en\\\/\",\"name\":\"Our projects - Pyro-Air Lt\u00e9e\",\"isPartOf\":{\"@id\":\"https:\\\/\\\/pyroair.com\\\/#website\"},\"datePublished\":\"2023-12-06T12:33:09+00:00\",\"dateModified\":\"2024-04-29T13:57:37+00:00\",\"description\":\"D\u00e9couvrez comment l'excellence et l'innovation est au centre de nos projets. Pyro-Air est l'\u00e9quipe qu'il vous faut pour de solides r\u00e9sultats.\",\"breadcrumb\":{\"@id\":\"https:\\\/\\\/pyroair.com\\\/en\\\/#breadcrumb\"},\"inLanguage\":\"en-US\",\"potentialAction\":[{\"@type\":\"ReadAction\",\"target\":[\"https:\\\/\\\/pyroair.com\\\/en\\\/\"]}]},{\"@type\":\"BreadcrumbList\",\"@id\":\"https:\\\/\\\/pyroair.com\\\/en\\\/#breadcrumb\",\"itemListElement\":[{\"@type\":\"ListItem\",\"position\":1,\"name\":\"Accueil\",\"item\":\"https:\\\/\\\/pyroair.com\\\/en\\\/\"},{\"@type\":\"ListItem\",\"position\":2,\"name\":\"Our projects\"}]},{\"@type\":\"WebSite\",\"@id\":\"https:\\\/\\\/pyroair.com\\\/#website\",\"url\":\"https:\\\/\\\/pyroair.com\\\/\",\"name\":\"Pyro-Air Lt\u00e9e\",\"description\":\"\",\"potentialAction\":[{\"@type\":\"SearchAction\",\"target\":{\"@type\":\"EntryPoint\",\"urlTemplate\":\"https:\\\/\\\/pyroair.com\\\/?s={search_term_string}\"},\"query-input\":{\"@type\":\"PropertyValueSpecification\",\"valueRequired\":true,\"valueName\":\"search_term_string\"}}],\"inLanguage\":\"en-US\"}]}<\/script>\n<!-- \/ Yoast SEO plugin. -->","yoast_head_json":{"title":"Our projects - Pyro-Air Lt\u00e9e","description":"D\u00e9couvrez comment l'excellence et l'innovation est au centre de nos projets. Pyro-Air est l'\u00e9quipe qu'il vous faut pour de solides r\u00e9sultats.","robots":{"index":"index","follow":"follow","max-snippet":"max-snippet:-1","max-image-preview":"max-image-preview:large","max-video-preview":"max-video-preview:-1"},"canonical":"https:\/\/pyroair.com\/en\/","og_locale":"en_US","og_type":"article","og_title":"Our projects - Pyro-Air Lt\u00e9e","og_description":"D\u00e9couvrez comment l'excellence et l'innovation est au centre de nos projets. Pyro-Air est l'\u00e9quipe qu'il vous faut pour de solides r\u00e9sultats.","og_url":"https:\/\/pyroair.com\/en\/","og_site_name":"Pyro-Air Lt\u00e9e","article_modified_time":"2024-04-29T13:57:37+00:00","twitter_card":"summary_large_image","schema":{"@context":"https:\/\/schema.org","@graph":[{"@type":"WebPage","@id":"https:\/\/pyroair.com\/en\/","url":"https:\/\/pyroair.com\/en\/","name":"Our projects - Pyro-Air Lt\u00e9e","isPartOf":{"@id":"https:\/\/pyroair.com\/#website"},"datePublished":"2023-12-06T12:33:09+00:00","dateModified":"2024-04-29T13:57:37+00:00","description":"D\u00e9couvrez comment l'excellence et l'innovation est au centre de nos projets. Pyro-Air est l'\u00e9quipe qu'il vous faut pour de solides r\u00e9sultats.","breadcrumb":{"@id":"https:\/\/pyroair.com\/en\/#breadcrumb"},"inLanguage":"en-US","potentialAction":[{"@type":"ReadAction","target":["https:\/\/pyroair.com\/en\/"]}]},{"@type":"BreadcrumbList","@id":"https:\/\/pyroair.com\/en\/#breadcrumb","itemListElement":[{"@type":"ListItem","position":1,"name":"Accueil","item":"https:\/\/pyroair.com\/en\/"},{"@type":"ListItem","position":2,"name":"Our projects"}]},{"@type":"WebSite","@id":"https:\/\/pyroair.com\/#website","url":"https:\/\/pyroair.com\/","name":"Pyro-Air Lt\u00e9e","description":"","potentialAction":[{"@type":"SearchAction","target":{"@type":"EntryPoint","urlTemplate":"https:\/\/pyroair.com\/?s={search_term_string}"},"query-input":{"@type":"PropertyValueSpecification","valueRequired":true,"valueName":"search_term_string"}}],"inLanguage":"en-US"}]}},"_links":{"self":[{"href":"https:\/\/pyroair.com\/en\/wp-json\/wp\/v2\/pages\/1042","targetHints":{"allow":["GET"]}}],"collection":[{"href":"https:\/\/pyroair.com\/en\/wp-json\/wp\/v2\/pages"}],"about":[{"href":"https:\/\/pyroair.com\/en\/wp-json\/wp\/v2\/types\/page"}],"author":[{"embeddable":true,"href":"https:\/\/pyroair.com\/en\/wp-json\/wp\/v2\/users\/1"}],"replies":[{"embeddable":true,"href":"https:\/\/pyroair.com\/en\/wp-json\/wp\/v2\/comments?post=1042"}],"version-history":[{"count":0,"href":"https:\/\/pyroair.com\/en\/wp-json\/wp\/v2\/pages\/1042\/revisions"}],"wp:attachment":[{"href":"https:\/\/pyroair.com\/en\/wp-json\/wp\/v2\/media?parent=1042"}],"curies":[{"name":"wp","href":"https:\/\/api.w.org\/{rel}","templated":true}]}}